{"id":100,"date":"2024-04-17T19:18:36","date_gmt":"2024-04-17T23:18:36","guid":{"rendered":"https:\/\/epsapps.rcm.upr.edu\/EMP\/?page_id=100"},"modified":"2024-04-26T15:43:12","modified_gmt":"2024-04-26T19:43:12","slug":"event-info","status":"publish","type":"page","link":"https:\/\/epsapps.rcm.upr.edu\/EMP\/event-info\/","title":{"rendered":"Event Info"},"content":{"rendered":"<!--themify_builder_content-->\n<div id=\"themify_builder_content-100\" data-postid=\"100\" class=\"themify_builder_content themify_builder_content-100 themify_builder tf_clear\">\n    \t\t\t\t<div  data-css_id=\"7wj4265\" data-lazy=\"1\" class=\"module_row themify_builder_row fullwidth tb_7wj4265 tb_first tf_w\">\n\t\t\t\t\t\t<div class=\"row_inner col_align_top tb_col_count_1 tf_box tf_rel\">\n\t\t\t\t\t\t<div  data-lazy=\"1\" class=\"module_column tb-column col-full tb_smgn265 first\">\n\t\t\t\t\t\t\t<div  data-lazy=\"1\" class=\"module_subrow themify_builder_sub_row tf_w top_sponsor_icons col_align_top gutter-none tb_col_count_6 tb_rt4x282 hide-mobile\">\n\t\t\t\t<div  data-lazy=\"1\" class=\"module_column sub_column col6-1 tb_9fm6282 first\">\n\t\t\t\t\t<!-- module image -->\n<div  class=\"module module-image tb_7m9u421 image-center   tf_mw\" data-lazy=\"1\">\n        <div class=\"image-wrap tf_rel tf_mw\">\n\t\t    <a href=\"https:\/\/epsapps.rcm.upr.edu\/EMP\/\">\n\t\t   \t\t<img loading=\"lazy\" decoding=\"async\" src=\"https:\/\/epsapps.rcm.upr.edu\/EMP\/wp-content\/uploads\/2024\/04\/emsc-960x1024-98x104.png\" width=\"98\" height=\"104\" class=\"wp-post-image wp-image-128\" title=\"emsc\" alt=\"emsc\" srcset=\"https:\/\/epsapps.rcm.upr.edu\/EMP\/wp-content\/uploads\/2024\/04\/emsc-960x1024-98x104.png 98w, https:\/\/epsapps.rcm.upr.edu\/EMP\/wp-content\/uploads\/2024\/04\/emsc-281x300.png 281w, https:\/\/epsapps.rcm.upr.edu\/EMP\/wp-content\/uploads\/2024\/04\/emsc-960x1024.png 960w, https:\/\/epsapps.rcm.upr.edu\/EMP\/wp-content\/uploads\/2024\/04\/emsc-768x820.png 768w, https:\/\/epsapps.rcm.upr.edu\/EMP\/wp-content\/uploads\/2024\/04\/emsc-960x1024-96x102.png 96w, https:\/\/epsapps.rcm.upr.edu\/EMP\/wp-content\/uploads\/2024\/04\/emsc-960x1024-65x70.png 65w, https:\/\/epsapps.rcm.upr.edu\/EMP\/wp-content\/uploads\/2024\/04\/emsc-960x1024-30x32.png 30w, https:\/\/epsapps.rcm.upr.edu\/EMP\/wp-content\/uploads\/2024\/04\/emsc-960x1024-91x98.png 91w, https:\/\/epsapps.rcm.upr.edu\/EMP\/wp-content\/uploads\/2024\/04\/emsc.png 1416w\" sizes=\"auto, (max-width: 98px) 100vw, 98px\" \/>\t    <\/a>\n\t\n\t\t<\/div>\n\t<!-- \/image-wrap -->\n    \n    \t<\/div>\n<!-- \/module image -->\t\t<\/div>\n\t\t\t\t\t<div  data-lazy=\"1\" class=\"module_column sub_column col6-1 tb_g9f3282\">\n\t\t\t\t\t<!-- module image -->\n<div  class=\"module module-image tb_n8sc750 image-top   tf_mw\" data-lazy=\"1\">\n        <div class=\"image-wrap tf_rel tf_mw\">\n\t\t    <a href=\"https:\/\/ceaem.rcm.upr.edu\/?click=emp_site\">\n\t\t   \t\t<img loading=\"lazy\" decoding=\"async\" src=\"https:\/\/epsapps.rcm.upr.edu\/EMP\/wp-content\/uploads\/2024\/04\/Logo-CEAEM-2012-1024x941-111x102.png\" width=\"111\" height=\"102\" class=\"wp-post-image wp-image-146\" title=\"Logo-CEAEM-2012\" alt=\"Logo-CEAEM-2012\" srcset=\"https:\/\/epsapps.rcm.upr.edu\/EMP\/wp-content\/uploads\/2024\/04\/Logo-CEAEM-2012-1024x941-111x102.png 111w, https:\/\/epsapps.rcm.upr.edu\/EMP\/wp-content\/uploads\/2024\/04\/Logo-CEAEM-2012-300x276.png 300w, https:\/\/epsapps.rcm.upr.edu\/EMP\/wp-content\/uploads\/2024\/04\/Logo-CEAEM-2012-1024x941.png 1024w, https:\/\/epsapps.rcm.upr.edu\/EMP\/wp-content\/uploads\/2024\/04\/Logo-CEAEM-2012-768x706.png 768w, https:\/\/epsapps.rcm.upr.edu\/EMP\/wp-content\/uploads\/2024\/04\/Logo-CEAEM-2012-1536x1412.png 1536w, https:\/\/epsapps.rcm.upr.edu\/EMP\/wp-content\/uploads\/2024\/04\/Logo-CEAEM-2012.png 1911w\" sizes=\"auto, (max-width: 111px) 100vw, 111px\" \/>\t    <\/a>\n\t\n\t\t<\/div>\n\t<!-- \/image-wrap -->\n    \n    \t<\/div>\n<!-- \/module image -->\t\t<\/div>\n\t\t\t\t\t<div  data-lazy=\"1\" class=\"module_column sub_column col6-1 tb_le9g282\">\n\t\t\t\t\t<!-- module image -->\n<div  class=\"module module-image tb_amog457 image-top   tf_mw\" data-lazy=\"1\">\n        <div class=\"image-wrap tf_rel tf_mw\">\n\t\t    <a href=\"https:\/\/md.rcm.upr.edu\/\">\n\t\t   \t\t<img loading=\"lazy\" decoding=\"async\" src=\"https:\/\/epsapps.rcm.upr.edu\/EMP\/wp-content\/uploads\/2024\/04\/Logo-Esc-Medicina-99x102.png\" width=\"99\" height=\"102\" class=\"wp-post-image wp-image-149\" title=\"Logo Esc Medicina\" alt=\"Logo Esc Medicina\" srcset=\"https:\/\/epsapps.rcm.upr.edu\/EMP\/wp-content\/uploads\/2024\/04\/Logo-Esc-Medicina-99x102.png 99w, https:\/\/epsapps.rcm.upr.edu\/EMP\/wp-content\/uploads\/2024\/04\/Logo-Esc-Medicina-290x300.png 290w, https:\/\/epsapps.rcm.upr.edu\/EMP\/wp-content\/uploads\/2024\/04\/Logo-Esc-Medicina.png 500w\" sizes=\"auto, (max-width: 99px) 100vw, 99px\" \/>\t    <\/a>\n\t\n\t\t<\/div>\n\t<!-- \/image-wrap -->\n    \n    \t<\/div>\n<!-- \/module image -->\t\t<\/div>\n\t\t\t\t\t<div  data-lazy=\"1\" class=\"module_column sub_column col6-1 tb_fumx282\">\n\t\t\t\t\t<!-- module image -->\n<div  class=\"module module-image tb_j51q716 image-top   tf_mw\" data-lazy=\"1\">\n        <div class=\"image-wrap tf_rel tf_mw\">\n\t\t    <a href=\"https:\/\/www.salud.pr.gov\/\">\n\t\t   \t\t<img loading=\"lazy\" decoding=\"async\" src=\"https:\/\/epsapps.rcm.upr.edu\/EMP\/wp-content\/uploads\/2024\/04\/BANNER_dep_salud-1024x700-179x122.png\" width=\"179\" height=\"122\" class=\"wp-post-image wp-image-147\" title=\"BANNER_dep_salud\" alt=\"BANNER_dep_salud\" srcset=\"https:\/\/epsapps.rcm.upr.edu\/EMP\/wp-content\/uploads\/2024\/04\/BANNER_dep_salud-1024x700-179x122.png 179w, https:\/\/epsapps.rcm.upr.edu\/EMP\/wp-content\/uploads\/2024\/04\/BANNER_dep_salud-300x205.png 300w, https:\/\/epsapps.rcm.upr.edu\/EMP\/wp-content\/uploads\/2024\/04\/BANNER_dep_salud-1024x700.png 1024w, https:\/\/epsapps.rcm.upr.edu\/EMP\/wp-content\/uploads\/2024\/04\/BANNER_dep_salud-768x525.png 768w, https:\/\/epsapps.rcm.upr.edu\/EMP\/wp-content\/uploads\/2024\/04\/BANNER_dep_salud.png 1111w\" sizes=\"auto, (max-width: 179px) 100vw, 179px\" \/>\t    <\/a>\n\t\n\t\t<\/div>\n\t<!-- \/image-wrap -->\n    \n    \t<\/div>\n<!-- \/module image -->\t\t<\/div>\n\t\t\t\t\t<div  data-lazy=\"1\" class=\"module_column sub_column col6-1 tb_z11w282\">\n\t\t\t\t\t<!-- module image -->\n<div  class=\"module module-image tb_336r485 image-top   tf_mw\" data-lazy=\"1\">\n        <div class=\"image-wrap tf_rel tf_mw\">\n\t\t    <a href=\"https:\/\/www.salud.pr.gov\/CMS\/188\">\n\t\t   \t\t<img loading=\"lazy\" decoding=\"async\" src=\"https:\/\/epsapps.rcm.upr.edu\/EMP\/wp-content\/uploads\/2024\/04\/bioseguridad-102x102.png\" width=\"102\" height=\"102\" class=\"wp-post-image wp-image-148\" title=\"bioseguridad\" alt=\"bioseguridad\" srcset=\"https:\/\/epsapps.rcm.upr.edu\/EMP\/wp-content\/uploads\/2024\/04\/bioseguridad-102x102.png 102w, https:\/\/epsapps.rcm.upr.edu\/EMP\/wp-content\/uploads\/2024\/04\/bioseguridad-300x300.png 300w, https:\/\/epsapps.rcm.upr.edu\/EMP\/wp-content\/uploads\/2024\/04\/bioseguridad-150x150.png 150w, https:\/\/epsapps.rcm.upr.edu\/EMP\/wp-content\/uploads\/2024\/04\/bioseguridad.png 428w\" sizes=\"auto, (max-width: 102px) 100vw, 102px\" \/>\t    <\/a>\n\t\n\t\t<\/div>\n\t<!-- \/image-wrap -->\n    \n    \t<\/div>\n<!-- \/module image -->\t\t<\/div>\n\t\t\t\t\t<div  data-lazy=\"1\" class=\"module_column sub_column col6-1 tb_3men282 last\">\n\t\t<span class=\"tb_row_frame_wrap tf_overflow tf_abs\" data-lazy=\"1\"><span class=\"tb_row_frame tb_row_frame_top  tf_abs tf_hide tf_overflow tf_w\"><\/span><\/span>\t\t\t\t\t<\/div>\n\t\t\t\t\t<\/div>\n\t\t\t\t<div  data-lazy=\"1\" class=\"module_subrow themify_builder_sub_row tf_w col_align_top tb_col_count_2 tb_z9y4197\">\n\t\t\t\t<div  data-lazy=\"1\" class=\"module_column sub_column col4-2 tb_u445197 first\">\n\t\t\t\t\t<!-- module plain text -->\n<div  class=\"module module-plain-text tb_9wyx894 \" data-lazy=\"1\">\n        <div class=\"tb_text_wrap\">\n\tXXIII\n<font color=\"yellow\">SIMPOSIO<\/font> EMERGENCIAS\nM\u00c9DICAS PEDI\u00c1TRICAS    <\/div>\n<\/div>\n<!-- \/module plain text -->\t\t<\/div>\n\t\t\t\t\t<div  data-lazy=\"1\" class=\"module_column sub_column col4-2 tb_5s25197 last\">\n\t\t\t\t\t<!-- module plain text -->\n<div  class=\"module module-plain-text tb_ot05882 \" data-lazy=\"1\">\n        <div class=\"tb_text_wrap\">\n\t<div class=\"fecha\">\n\t<div class=\"dia-num\">17<\/div>\n\t<div class=\"dia\">Viernes<\/div>\n\t<div class=\"mes\">MAYO<\/div>\n\t<div class=\"ano\">2024<\/div>\n<\/div>    <\/div>\n<\/div>\n<!-- \/module plain text -->\t\t<\/div>\n\t\t\t\t\t<\/div>\n\t\t\t\t<\/div>\n\t\t\t\t\t\t<\/div>\n\t\t<\/div>\n\t\t\t\t\t\t<div  data-css_id=\"7su9148\" id=\"panel_informa\" data-lazy=\"1\" class=\"module_row themify_builder_row fullwidth tb_7su9148 tf_w\">\n\t\t\t\t\t\t<div class=\"row_inner col_align_top tb_col_count_1 tf_box tf_rel\">\n\t\t\t\t\t\t<div  data-lazy=\"1\" class=\"module_column tb-column col-full tb_6jbk148 first\">\n\t\t\t\t\t<!-- module plain text -->\n<div  class=\"module module-plain-text tb_unz347 \" data-lazy=\"1\">\n        <div class=\"tb_text_wrap\">\n\tHotel Fajardo INN PuertoRico 8:00a.m.- 3:30p.m.    <\/div>\n<\/div>\n<!-- \/module plain text --><!-- module plain text -->\n<div  class=\"module module-plain-text tb_ib76311 \" data-lazy=\"1\">\n        <div class=\"tb_text_wrap\">\n\t<span class=\"green_tick\">TEMA<\/span>\n<div>\n\t<font color=\"#056563\">PREPARACI\u00d3N PEDI\u00c1TRICA PREHOSPITALARIA:<\/font> FORTALECIENDO LOS SERVICIOS DE TRAUMA YEMERGENCIAS M\u00c9DICAS<\/div>    <\/div>\n<\/div>\n<!-- \/module plain text -->\t\t<div  data-lazy=\"1\" class=\"module_subrow themify_builder_sub_row tf_w col_align_top tb_col_count_2 tb_o0k3261\">\n\t\t\t\t<div  data-lazy=\"1\" class=\"module_column sub_column col4-2 tb_1yn8261 izquierda first\">\n\t\t\t\t\t<!-- module plain text -->\n<div  class=\"module module-plain-text tb_tlal104 \" data-lazy=\"1\">\n        <div class=\"tb_text_wrap\">\n\t7:30 a.m. &#8211; 8:30 a.m. Registro y Desayuno 8:30 a.m. &#8211; 9:30 a.m. Bienvenida    <\/div>\n<\/div>\n<!-- \/module plain text --><!-- module plain text -->\n<div  class=\"module module-plain-text tb_bxq8220 \" data-lazy=\"1\">\n        <div class=\"tb_text_wrap\">\n\tConmemorando los 40 a\u00f1os de EMP    <\/div>\n<\/div>\n<!-- \/module plain text --><!-- module plain text -->\n<div  class=\"module module-plain-text tb_3wwu753 \" data-lazy=\"1\">\n        <div class=\"tb_text_wrap\">\n\tShirley M Esquil\u00edn, MA Directora\nDivisi\u00f3n d e Preparaci\u00f3n y coordinaci\u00f3n d e Respuesta e n Salud P\u00fablica Departmento de Salud    <\/div>\n<\/div>\n<!-- \/module plain text --><!-- module plain text -->\n<div  class=\"module module-plain-text tb_sip6570 \" data-lazy=\"1\">\n        <div class=\"tb_text_wrap\">\n\tMilagros Mart\u00edn de Pumarejo, MD, FAAP Directora\nPrograma Emergencias M\u00e9dicas Pedi\u00e1tricas    <\/div>\n<\/div>\n<!-- \/module plain text --><!-- module plain text -->\n<div  class=\"module module-plain-text tb_ctn7967 \" data-lazy=\"1\">\n        <div class=\"tb_text_wrap\">\n\t9:30 a.m. &#8211; 10:20 a.m. Equipo de\nambulancias: \u00bfCon qu\u00e9 contamos, qu\u00e9 nos falta, los s\u00e9 utilizar, con cu\u00e1nta\nfrecuencia los uso? Recursos:\nRicardo Figueroa, TEM-P Mary Ann Mendoza, TEM-P Luis Mel\u00e9ndez, TEM-P    <\/div>\n<\/div>\n<!-- \/module plain text --><!-- module plain text -->\n<div  class=\"module module-plain-text tb_26yo222 \" data-lazy=\"1\">\n        <div class=\"tb_text_wrap\">\n\t10:20 a.m. &#8211; 11:10 a.m. Protocolos pedi\u00e1tricos e n colaboraci\u00f3n con el\nNegociado de Emergencias M\u00e9dicas Recursos:\nLiliana Morales, MD Michel D\u00edaz, TEM-P    <\/div>\n<\/div>\n<!-- \/module plain text -->\t\t<\/div>\n\t\t\t\t\t<div  data-lazy=\"1\" class=\"module_column sub_column col4-2 tb_p9i1261 derecha last\">\n\t\t\t\t\t<!-- module plain text -->\n<div  class=\"module module-plain-text tb_6rho16 \" data-lazy=\"1\">\n        <div class=\"tb_text_wrap\">\n\t11:10 a.m. &#8211; 11:45 a.m. Transporte\nPedi\u00e1trico: \u00bfY a d\u00f3nde vamos a transportar el paciente pedi\u00e1trico?\nRecursos:\nMilagros Mart\u00edn, MD Zulmarie Rivera, MD    <\/div>\n<\/div>\n<!-- \/module plain text --><!-- module plain text -->\n<div  class=\"module module-plain-text tb_fkfg219 \" data-lazy=\"1\">\n        <div class=\"tb_text_wrap\">\n\t11:45 a.m. &#8211; 12:00 p.m. Preguntas y Respuestas\n12:00 p.m. &#8211; 1:00 p.m. Almuerzo    <\/div>\n<\/div>\n<!-- \/module plain text --><!-- module plain text -->\n<div  class=\"module module-plain-text tb_cxop786 \" data-lazy=\"1\">\n        <div class=\"tb_text_wrap\">\n\t1:00 p.m. &#8211; 1:45 p.m. La familia como centro del cuidado del paciente\nRecursos:\nDra. Nerian Ortiz\nRuth Pimentel y Jennie De la Mota; Representantes de familia EMP    <\/div>\n<\/div>\n<!-- \/module plain text --><!-- module plain text -->\n<div  class=\"module module-plain-text tb_8qjx301 \" data-lazy=\"1\">\n        <div class=\"tb_text_wrap\">\n\t1:45 p.m. &#8211; 2:30 p.m. Uniendo esfuerzos en la preparaci\u00f3n pedi\u00e1trica ante un desastre Recursos:\nH\u00e9ctor Alonso, MD\nNino Correa, Dr.h.c. Ver\u00f3nica Sep\u00falveda, MD    <\/div>\n<\/div>\n<!-- \/module plain text --><!-- module plain text -->\n<div  class=\"module module-plain-text tb_w1ck772 \" data-lazy=\"1\">\n        <div class=\"tb_text_wrap\">\n\t2:30 p.m.- 2:45 p.m. Preguntas y Respuestas\n2:45 p.m.- 3:15p.m. Evaluaci\u00f3n y Cierre    <\/div>\n<\/div>\n<!-- \/module plain text -->\t\t<\/div>\n\t\t\t\t\t<\/div>\n\t\t\t\t<\/div>\n\t\t\t\t\t\t<\/div>\n\t\t<\/div>\n\t\t\t\t\t\t<div  data-css_id=\"1hbu199\" data-lazy=\"1\" class=\"module_row themify_builder_row fullwidth tb_1hbu199 tf_w\">\n\t\t\t\t\t\t<div class=\"row_inner col_align_top gutter-none tb_col_count_2 tf_box tf_rel\">\n\t\t\t\t\t\t<div  data-lazy=\"1\" class=\"module_column tb-column col4-2 tb_poui199 first\">\n\t\t\t\t\t<!-- module box -->\n<div  class=\"module module-box tb_p7vm111 \" data-lazy=\"1\">\n    <div class=\"module-box-content ui  tb_default_color\">\n\t\t\t\t<div class=\"tb_text_wrap\"><\/div>\n    <\/div>\n<\/div>\n<!-- \/module box -->\n\t\t<\/div>\n\t\t\t\t\t<div  data-lazy=\"1\" class=\"module_column tb-column col4-2 tb_byi3242 last\">\n\t\t\t\t\t<!-- module box -->\n<div  class=\"module module-box tb_6llm840 \" data-lazy=\"1\">\n    <div class=\"module-box-content ui  tb_default_color\">\n\t\t\t\t<div class=\"tb_text_wrap\"><\/div>\n    <\/div>\n<\/div>\n<!-- \/module box -->\n\t\t<\/div>\n\t\t\t\t\t\t<\/div>\n\t\t<\/div>\n\t\t<\/div>\n<!--\/themify_builder_content-->","protected":false},"excerpt":{"rendered":"XXIII SIMPOSIO EMERGENCIAS M\u00c9DICAS PEDI\u00c1TRICAS 17 Viernes MAYO 2024 Hotel Fajardo INN PuertoRico 8:00a.m.- 3:30p.m. TEMA PREPARACI\u00d3N PEDI\u00c1TRICA PREHOSPITALARIA: FORTALECIENDO LOS SERVICIOS DE TRAUMA YEMERGENCIAS M\u00c9DICAS 7:30 a.m. &#8211; 8:30 a.m. Registro y Desayuno 8:30 a.m. &#8211; 9:30 a.m. Bienvenida Conmemorando los 40 a\u00f1os de EMP Shirley M Esquil\u00edn, MA Directora Divisi\u00f3n d e Preparaci\u00f3n [&hellip;]","protected":false},"author":1,"featured_media":0,"parent":0,"menu_order":0,"comment_status":"closed","ping_status":"closed","template":"wp-custom-template-themify","meta":{"footnotes":""},"categories":[1],"class_list":["post-100","page","type-page","status-publish","hentry","category-uncategorized"],"_links":{"self":[{"href":"https:\/\/epsapps.rcm.upr.edu\/EMP\/wp-json\/wp\/v2\/pages\/100","targetHints":{"allow":["GET"]}}],"collection":[{"href":"https:\/\/epsapps.rcm.upr.edu\/EMP\/wp-json\/wp\/v2\/pages"}],"about":[{"href":"https:\/\/epsapps.rcm.upr.edu\/EMP\/wp-json\/wp\/v2\/types\/page"}],"author":[{"embeddable":true,"href":"https:\/\/epsapps.rcm.upr.edu\/EMP\/wp-json\/wp\/v2\/users\/1"}],"replies":[{"embeddable":true,"href":"https:\/\/epsapps.rcm.upr.edu\/EMP\/wp-json\/wp\/v2\/comments?post=100"}],"version-history":[{"count":93,"href":"https:\/\/epsapps.rcm.upr.edu\/EMP\/wp-json\/wp\/v2\/pages\/100\/revisions"}],"predecessor-version":[{"id":527,"href":"https:\/\/epsapps.rcm.upr.edu\/EMP\/wp-json\/wp\/v2\/pages\/100\/revisions\/527"}],"wp:attachment":[{"href":"https:\/\/epsapps.rcm.upr.edu\/EMP\/wp-json\/wp\/v2\/media?parent=100"}],"wp:term":[{"taxonomy":"category","embeddable":true,"href":"https:\/\/epsapps.rcm.upr.edu\/EMP\/wp-json\/wp\/v2\/categories?post=100"}],"curies":[{"name":"wp","href":"https:\/\/api.w.org\/{rel}","templated":true}]}}