{"id":109,"date":"2024-04-18T13:43:51","date_gmt":"2024-04-18T17:43:51","guid":{"rendered":"https:\/\/epsapps.rcm.upr.edu\/EMP\/?page_id=109"},"modified":"2024-04-26T18:11:42","modified_gmt":"2024-04-26T22:11:42","slug":"registro-persona-interesada-simposio-xxiii","status":"publish","type":"page","link":"https:\/\/epsapps.rcm.upr.edu\/EMP\/registro-persona-interesada-simposio-xxiii\/","title":{"rendered":"Registro de persona interesada en Simposio XXIII"},"content":{"rendered":"{{participant}} se registr\u00f3 para participar del: <strong>XXIII Simposio: Emergencias M\u00e9dicas Pedi\u00e1tricas<\/strong><!--themify_builder_content-->\n<div id=\"themify_builder_content-109\" data-postid=\"109\" class=\"themify_builder_content themify_builder_content-109 themify_builder tf_clear\">\n    <\/div>\n<!--\/themify_builder_content-->\n","protected":false},"excerpt":{"rendered":"{{participant}} se registr\u00f3 para participar del: XXIII Simposio: Emergencias M\u00e9dicas Pedi\u00e1tricas","protected":false},"author":1,"featured_media":0,"parent":0,"menu_order":0,"comment_status":"closed","ping_status":"closed","template":"wp-custom-template-themify","meta":{"footnotes":""},"categories":[3],"class_list":["post-109","page","type-page","status-publish","hentry","category-email"],"_links":{"self":[{"href":"https:\/\/epsapps.rcm.upr.edu\/EMP\/wp-json\/wp\/v2\/pages\/109","targetHints":{"allow":["GET"]}}],"collection":[{"href":"https:\/\/epsapps.rcm.upr.edu\/EMP\/wp-json\/wp\/v2\/pages"}],"about":[{"href":"https:\/\/epsapps.rcm.upr.edu\/EMP\/wp-json\/wp\/v2\/types\/page"}],"author":[{"embeddable":true,"href":"https:\/\/epsapps.rcm.upr.edu\/EMP\/wp-json\/wp\/v2\/users\/1"}],"replies":[{"embeddable":true,"href":"https:\/\/epsapps.rcm.upr.edu\/EMP\/wp-json\/wp\/v2\/comments?post=109"}],"version-history":[{"count":10,"href":"https:\/\/epsapps.rcm.upr.edu\/EMP\/wp-json\/wp\/v2\/pages\/109\/revisions"}],"predecessor-version":[{"id":528,"href":"https:\/\/epsapps.rcm.upr.edu\/EMP\/wp-json\/wp\/v2\/pages\/109\/revisions\/528"}],"wp:attachment":[{"href":"https:\/\/epsapps.rcm.upr.edu\/EMP\/wp-json\/wp\/v2\/media?parent=109"}],"wp:term":[{"taxonomy":"category","embeddable":true,"href":"https:\/\/epsapps.rcm.upr.edu\/EMP\/wp-json\/wp\/v2\/categories?post=109"}],"curies":[{"name":"wp","href":"https:\/\/api.w.org\/{rel}","templated":true}]}}