{"id":47,"date":"2024-04-15T17:23:51","date_gmt":"2024-04-15T21:23:51","guid":{"rendered":"https:\/\/epsapps.rcm.upr.edu\/EMP\/?page_id=47"},"modified":"2024-04-26T15:20:53","modified_gmt":"2024-04-26T19:20:53","slug":"welcome-email-message","status":"publish","type":"page","link":"https:\/\/epsapps.rcm.upr.edu\/EMP\/welcome-email-message\/","title":{"rendered":"XXII SIMPOSIO EMERGENCIAS M\u00c9DICAS PEDI\u00c1TRICAS"},"content":{"rendered":"{{participant}},\r\nhemos registrado exitosamente su informaci\u00f3n para participar en el Simposio Emergencias M\u00e9dicas Pedi\u00e1tricas, pr\u00f3ximamente estar\u00e1 recibiendo la confirmaci\u00f3n para su asistencia en el simposio.\r\n\r\nDe confrontar alg\u00fan inconveniente, favor de comunicarse con la Sra. Wanda Arbelo (wanda.arbelo@upr.edu). Tel. (787) 474-0333 ext. 7198.<!--themify_builder_content-->\n<div id=\"themify_builder_content-47\" data-postid=\"47\" class=\"themify_builder_content themify_builder_content-47 themify_builder tf_clear\">\n    <\/div>\n<!--\/themify_builder_content-->\n","protected":false},"excerpt":{"rendered":"{{participant}}, hemos registrado exitosamente su informaci\u00f3n para participar en el Simposio Emergencias M\u00e9dicas Pedi\u00e1tricas, pr\u00f3ximamente estar\u00e1 recibiendo la confirmaci\u00f3n para su asistencia en el simposio. De confrontar alg\u00fan inconveniente, favor de comunicarse con la Sra. Wanda Arbelo (wanda.arbelo@upr.edu). Tel. (787) 474-0333 ext. 7198.","protected":false},"author":1,"featured_media":0,"parent":0,"menu_order":0,"comment_status":"closed","ping_status":"closed","template":"wp-custom-template-themify","meta":{"footnotes":""},"categories":[3],"class_list":["post-47","page","type-page","status-publish","hentry","category-email"],"_links":{"self":[{"href":"https:\/\/epsapps.rcm.upr.edu\/EMP\/wp-json\/wp\/v2\/pages\/47","targetHints":{"allow":["GET"]}}],"collection":[{"href":"https:\/\/epsapps.rcm.upr.edu\/EMP\/wp-json\/wp\/v2\/pages"}],"about":[{"href":"https:\/\/epsapps.rcm.upr.edu\/EMP\/wp-json\/wp\/v2\/types\/page"}],"author":[{"embeddable":true,"href":"https:\/\/epsapps.rcm.upr.edu\/EMP\/wp-json\/wp\/v2\/users\/1"}],"replies":[{"embeddable":true,"href":"https:\/\/epsapps.rcm.upr.edu\/EMP\/wp-json\/wp\/v2\/comments?post=47"}],"version-history":[{"count":21,"href":"https:\/\/epsapps.rcm.upr.edu\/EMP\/wp-json\/wp\/v2\/pages\/47\/revisions"}],"predecessor-version":[{"id":521,"href":"https:\/\/epsapps.rcm.upr.edu\/EMP\/wp-json\/wp\/v2\/pages\/47\/revisions\/521"}],"wp:attachment":[{"href":"https:\/\/epsapps.rcm.upr.edu\/EMP\/wp-json\/wp\/v2\/media?parent=47"}],"wp:term":[{"taxonomy":"category","embeddable":true,"href":"https:\/\/epsapps.rcm.upr.edu\/EMP\/wp-json\/wp\/v2\/categories?post=47"}],"curies":[{"name":"wp","href":"https:\/\/api.w.org\/{rel}","templated":true}]}}