{"id":535,"date":"2024-05-10T14:17:22","date_gmt":"2024-05-10T18:17:22","guid":{"rendered":"https:\/\/epsapps.rcm.upr.edu\/EMP\/?page_id=535"},"modified":"2024-09-30T16:00:18","modified_gmt":"2024-09-30T20:00:18","slug":"confirmar-participacion-simposio","status":"publish","type":"page","link":"https:\/\/epsapps.rcm.upr.edu\/EMP\/confirmar-participacion-simposio\/","title":{"rendered":"Acceso al XXII SIMPOSIO EMERGENCIAS M\u00c9DICAS PEDI\u00c1TRICAS"},"content":{"rendered":"{{participant}}\r\n<br \/><br \/>\r\n<p> <u>XXIII Simposio Emergencias M\u00e9dicas Pedi\u00e1tricas - \r\nPreparaci\u00f3n Pedi\u00e1trica Prehospitalaria: Fortaleciendo los Servicios de Trauma y Emergencias<\/u><br \/><br \/>Ahora si \ud83e\udd23!!! Por aqu\u00ed su QR de acceso. \r\n<br\/><br \/>\r\nGracias y felicidades en su semana,<\/p>\r\n<strong>emp.rcm@upr.edu<\/strong><!--themify_builder_content-->\n<div id=\"themify_builder_content-535\" data-postid=\"535\" class=\"themify_builder_content themify_builder_content-535 themify_builder tf_clear\">\n    <\/div>\n<!--\/themify_builder_content-->\n","protected":false},"excerpt":{"rendered":"{{participant}} XXIII Simposio Emergencias M\u00e9dicas Pedi\u00e1tricas &#8211; Preparaci\u00f3n Pedi\u00e1trica Prehospitalaria: Fortaleciendo los Servicios de Trauma y EmergenciasAhora si \ud83e\udd23!!! Por aqu\u00ed su QR de acceso. Gracias y felicidades en su semana, emp.rcm@upr.edu","protected":false},"author":1,"featured_media":0,"parent":0,"menu_order":0,"comment_status":"closed","ping_status":"closed","template":"wp-custom-template-themify","meta":{"footnotes":""},"categories":[3],"class_list":["post-535","page","type-page","status-publish","hentry","category-email"],"_links":{"self":[{"href":"https:\/\/epsapps.rcm.upr.edu\/EMP\/wp-json\/wp\/v2\/pages\/535","targetHints":{"allow":["GET"]}}],"collection":[{"href":"https:\/\/epsapps.rcm.upr.edu\/EMP\/wp-json\/wp\/v2\/pages"}],"about":[{"href":"https:\/\/epsapps.rcm.upr.edu\/EMP\/wp-json\/wp\/v2\/types\/page"}],"author":[{"embeddable":true,"href":"https:\/\/epsapps.rcm.upr.edu\/EMP\/wp-json\/wp\/v2\/users\/1"}],"replies":[{"embeddable":true,"href":"https:\/\/epsapps.rcm.upr.edu\/EMP\/wp-json\/wp\/v2\/comments?post=535"}],"version-history":[{"count":64,"href":"https:\/\/epsapps.rcm.upr.edu\/EMP\/wp-json\/wp\/v2\/pages\/535\/revisions"}],"predecessor-version":[{"id":632,"href":"https:\/\/epsapps.rcm.upr.edu\/EMP\/wp-json\/wp\/v2\/pages\/535\/revisions\/632"}],"wp:attachment":[{"href":"https:\/\/epsapps.rcm.upr.edu\/EMP\/wp-json\/wp\/v2\/media?parent=535"}],"wp:term":[{"taxonomy":"category","embeddable":true,"href":"https:\/\/epsapps.rcm.upr.edu\/EMP\/wp-json\/wp\/v2\/categories?post=535"}],"curies":[{"name":"wp","href":"https:\/\/api.w.org\/{rel}","templated":true}]}}