{"id":604,"date":"2024-05-16T16:48:57","date_gmt":"2024-05-16T20:48:57","guid":{"rendered":"https:\/\/epsapps.rcm.upr.edu\/EMP\/?page_id=604"},"modified":"2024-05-16T22:40:34","modified_gmt":"2024-05-17T02:40:34","slug":"validate","status":"publish","type":"page","link":"https:\/\/epsapps.rcm.upr.edu\/EMP\/validate\/","title":{"rendered":"validate"},"content":{"rendered":"<!--themify_builder_content-->\n<div id=\"themify_builder_content-604\" data-postid=\"604\" class=\"themify_builder_content themify_builder_content-604 themify_builder tf_clear\">\n    \t\t\t\t<div  data-lazy=\"1\" class=\"module_row themify_builder_row tb_72nf044 tb_first tf_w\">\n\t\t\t\t\t\t<div class=\"row_inner col_align_top tb_col_count_1 tf_box tf_rel\">\n\t\t\t\t\t\t<div  data-lazy=\"1\" class=\"module_column tb-column col-full tb_tuot442 first\">\n\t\t\t\t\t<!-- module text -->\n<div  class=\"module module-text tb_fr53444   \" data-lazy=\"1\">\n\t    <div  class=\"tb_text_wrap\">\n\t\t<h2>XXIII Simposio Emergencias M\u00e9dicas Pedi\u00e1tricas &#8211; Preparaci\u00f3n Pedi\u00e1trica Prehospitalaria: Fortaleciendo los Servicios de Trauma y Emergencias<\/h2>\n<p>\u00a1Bienvenido! Est\u00e1s accediendo al \u00e1rea de validaci\u00f3n de participantes. Aqu\u00ed se podr\u00e1 verificar tu identidad para acceder al simposio. Esta funci\u00f3n estar\u00e1 disponible el d\u00eda de ma\u00f1ana viernes 17 de mayo del 2024.<br \/>\n Gracias por tu interes en scanear el QR.<\/p>\n    <\/div>\n<\/div>\n<!-- \/module text -->\t\t<\/div>\n\t\t\t\t\t\t<\/div>\n\t\t<\/div>\n\t\t<\/div>\n<!--\/themify_builder_content-->","protected":false},"excerpt":{"rendered":"XXIII Simposio Emergencias M\u00e9dicas Pedi\u00e1tricas &#8211; Preparaci\u00f3n Pedi\u00e1trica Prehospitalaria: Fortaleciendo los Servicios de Trauma y Emergencias \u00a1Bienvenido! Est\u00e1s accediendo al \u00e1rea de validaci\u00f3n de participantes. Aqu\u00ed se podr\u00e1 verificar tu identidad para acceder al simposio. Esta funci\u00f3n estar\u00e1 disponible el d\u00eda de ma\u00f1ana viernes 17 de mayo del 2024. Gracias por tu interes en scanear [&hellip;]","protected":false},"author":1,"featured_media":0,"parent":0,"menu_order":0,"comment_status":"closed","ping_status":"closed","template":"empty_canvas.php","meta":{"footnotes":""},"categories":[],"class_list":["post-604","page","type-page","status-publish","hentry"],"_links":{"self":[{"href":"https:\/\/epsapps.rcm.upr.edu\/EMP\/wp-json\/wp\/v2\/pages\/604","targetHints":{"allow":["GET"]}}],"collection":[{"href":"https:\/\/epsapps.rcm.upr.edu\/EMP\/wp-json\/wp\/v2\/pages"}],"about":[{"href":"https:\/\/epsapps.rcm.upr.edu\/EMP\/wp-json\/wp\/v2\/types\/page"}],"author":[{"embeddable":true,"href":"https:\/\/epsapps.rcm.upr.edu\/EMP\/wp-json\/wp\/v2\/users\/1"}],"replies":[{"embeddable":true,"href":"https:\/\/epsapps.rcm.upr.edu\/EMP\/wp-json\/wp\/v2\/comments?post=604"}],"version-history":[{"count":14,"href":"https:\/\/epsapps.rcm.upr.edu\/EMP\/wp-json\/wp\/v2\/pages\/604\/revisions"}],"predecessor-version":[{"id":629,"href":"https:\/\/epsapps.rcm.upr.edu\/EMP\/wp-json\/wp\/v2\/pages\/604\/revisions\/629"}],"wp:attachment":[{"href":"https:\/\/epsapps.rcm.upr.edu\/EMP\/wp-json\/wp\/v2\/media?parent=604"}],"wp:term":[{"taxonomy":"category","embeddable":true,"href":"https:\/\/epsapps.rcm.upr.edu\/EMP\/wp-json\/wp\/v2\/categories?post=604"}],"curies":[{"name":"wp","href":"https:\/\/api.w.org\/{rel}","templated":true}]}}